{"id":197,"date":"2024-05-24T09:57:38","date_gmt":"2024-05-24T07:57:38","guid":{"rendered":"https:\/\/poivreetselprod.com\/?page_id=197"},"modified":"2024-05-24T10:01:41","modified_gmt":"2024-05-24T08:01:41","slug":"mentions-legales","status":"publish","type":"page","link":"https:\/\/poivreetselprod.com\/index.php\/mentions-legales\/","title":{"rendered":"Mentions L\u00e9gales"},"content":{"rendered":"<p><img decoding=\"async\" src=\"\/wp-content\/uploads\/2024\/05\/perspective-1-2-lr-scaled.jpg\" alt=\"\"><\/p>\n<h1><strong>Poivre et Sel Prod<\/strong><\/h1>\n<div>\n<h2>Soci\u00e9t\u00e9 de Cr\u00e9ation et Production de Spectacles<\/h2>\n<p><strong>Si\u00e8ge social :<\/strong><br \/>Poivre et Sel Prod<br \/>14 Impasse de Flandres<br \/>76000 Rouen<br \/>France<\/p>\n<p><strong>Coordonn\u00e9es :<\/strong><br \/>T\u00e9l\u00e9phone : [Num\u00e9ro de t\u00e9l\u00e9phone]<br \/>Email : [Adresse email]<br \/>Site internet : [URL du site]<\/p>\n<p><strong>Directeur de la publication :<\/strong><br \/>[Nom du directeur de la publication]<\/p>\n<p><strong>H\u00e9bergement :<\/strong><br \/>Le site &#8220;Poivre et Sel Prod&#8221; est h\u00e9berg\u00e9 par :<br \/>OVH<br \/>2 rue Kellermann BP 80157<br \/>59053 Roubaix Cedex 1<br \/>France<br \/>T\u00e9l\u00e9phone : [Num\u00e9ro de t\u00e9l\u00e9phone de l\u2019h\u00e9bergeur]<br \/>Site internet : [URL de l\u2019h\u00e9bergeur]<\/p>\n<p><strong>D\u00e9veloppement du site :<\/strong><br \/>Le site a \u00e9t\u00e9 con\u00e7u et d\u00e9velopp\u00e9 par :<br \/>Komboo<br \/>[Adresse compl\u00e8te du d\u00e9veloppeur]<br \/>[Code Postal] [Ville]<br \/>[Pays]<br \/>T\u00e9l\u00e9phone : [Num\u00e9ro de t\u00e9l\u00e9phone du d\u00e9veloppeur]<br \/>Email : [Adresse email du d\u00e9veloppeur]<br \/>Site internet : [URL du d\u00e9veloppeur]<\/p>\n<p><strong>Propri\u00e9t\u00e9 intellectuelle :<\/strong><br \/>L&#8217;ensemble des contenus pr\u00e9sents sur le site <a target=\"_new\" rel=\"noreferrer\" href=\"http:\/\/www.poivreetselprod.com\/\">www.poivreetselprod.com<\/a>, incluant, de fa\u00e7on non limitative, les graphismes, images, textes, vid\u00e9os, animations, sons, logos, gifs et ic\u00f4nes ainsi que leur mise en forme sont la propri\u00e9t\u00e9 exclusive de la soci\u00e9t\u00e9 Poivre et Sel Prod \u00e0 l&#8217;exception des marques, logos ou contenus appartenant \u00e0 d&#8217;autres soci\u00e9t\u00e9s partenaires ou auteurs.<\/p>\n<p>Toute reproduction, distribution, modification, adaptation, retransmission ou publication, m\u00eame partielle, de ces diff\u00e9rents \u00e9l\u00e9ments est strictement interdite sans l&#8217;accord expr\u00e8s par \u00e9crit de Poivre et Sel Prod. Cette repr\u00e9sentation ou reproduction, par quelque proc\u00e9d\u00e9 que ce soit, constitue une contrefa\u00e7on sanctionn\u00e9e par les articles L.335-2 et suivants du Code de la propri\u00e9t\u00e9 intellectuelle. Le non-respect de cette interdiction constitue une contrefa\u00e7on pouvant engager la responsabilit\u00e9 civile et p\u00e9nale du contrefacteur.<\/p>\n<p><strong>Donn\u00e9es personnelles :<\/strong><br \/>Poivre et Sel Prod s&#8217;engage \u00e0 ce que la collecte et le traitement de vos donn\u00e9es, effectu\u00e9s \u00e0 partir du site <a target=\"_new\" rel=\"noreferrer\" href=\"http:\/\/www.poivreetselprod.com\/\">www.poivreetselprod.com<\/a>, soient conformes au R\u00e8glement G\u00e9n\u00e9ral sur la Protection des Donn\u00e9es (RGPD) et \u00e0 la loi Informatique et Libert\u00e9s.<\/p>\n<p>Pour toute information ou exercice de vos droits Informatique et Libert\u00e9s sur les traitements de donn\u00e9es personnelles g\u00e9r\u00e9s par Poivre et Sel Prod, vous pouvez contacter son d\u00e9l\u00e9gu\u00e9 \u00e0 la protection des donn\u00e9es (DPO) :<br \/>Email : [Adresse email DPO]<br \/>Adresse : [Adresse compl\u00e8te DPO]<\/p>\n<p><strong>Cookies :<\/strong><br \/>Le site <a target=\"_new\" rel=\"noreferrer\" href=\"http:\/\/www.poivreetselprod.com\/\">www.poivreetselprod.com<\/a> peut-\u00eatre amen\u00e9 \u00e0 vous demander l\u2019acceptation des cookies pour des besoins de statistiques et d\u2019affichage. Un cookie est une information d\u00e9pos\u00e9e sur votre disque dur par le serveur du site que vous visitez. Il contient plusieurs donn\u00e9es qui sont stock\u00e9es sur votre ordinateur dans un simple fichier texte auquel un serveur acc\u00e8de pour lire et enregistrer des informations.<\/p>\n<p><strong>Liens hypertextes :<\/strong><br \/>Le site internet de Poivre et Sel Prod peut offrir des liens vers d\u2019autres sites internet ou d\u2019autres ressources disponibles sur Internet. Poivre et Sel Prod ne dispose d&#8217;aucun moyen pour contr\u00f4ler les sites en connexion avec ses sites internet. Poivre et Sel Prod ne r\u00e9pond pas de la disponibilit\u00e9 de tels sites et sources externes, ni ne la garantit. Elle ne peut \u00eatre tenue pour responsable de tout dommage, de quelque nature que ce soit, r\u00e9sultant du contenu de ces sites ou sources externes, et notamment des informations, produits ou services qu\u2019ils proposent, ou de tout usage qui peut \u00eatre fait de ces \u00e9l\u00e9ments.<\/p>\n<p><strong>Cr\u00e9dits photos et illustrations :<\/strong><br \/>[Cr\u00e9dits photos et illustrations]<br \/>Photographies : [Noms des photographes]<br \/>Illustrations : [Noms des illustrateurs]<\/p>\n<p><strong>Modifications des mentions l\u00e9gales :<\/strong><br \/>Poivre et Sel Prod se r\u00e9serve le droit de modifier les pr\u00e9sentes mentions \u00e0 tout moment. L&#8217;utilisateur s&#8217;engage donc \u00e0 les consulter r\u00e9guli\u00e8rement.<\/p>\n<p><strong>Droit applicable :<\/strong><br \/>Le pr\u00e9sent site est soumis au droit fran\u00e7ais. En cas de litige, et \u00e0 d\u00e9faut de solution amiable, les tribunaux fran\u00e7ais seront seuls comp\u00e9tents pour conna\u00eetre de ce litige.<\/p>\n<hr \/>\n<p>Pour plus d&#8217;informations, veuillez contacter Poivre et Sel Prod \u00e0 l&#8217;adresse ci-dessus.<\/p>\n<\/div>\n<p><!--more--><br \/>\n<!-- {\"type\":\"layout\",\"children\":[{\"name\":\"Hero\",\"type\":\"section\",\"props\":{\"image_position\":\"center-center\",\"padding_remove_top\":true,\"style\":\"default\",\"title_breakpoint\":\"xl\",\"title_position\":\"top-left\",\"title_rotation\":\"left\",\"vertical_align\":\"\",\"width\":\"\"},\"children\":[{\"type\":\"row\",\"children\":[{\"type\":\"column\",\"props\":{\"image_position\":\"center-center\",\"position_sticky_breakpoint\":\"m\",\"width_medium\":\"1-1\"},\"children\":[{\"type\":\"image\",\"props\":{\"image\":\"wp-content\\\/uploads\\\/2024\\\/05\\\/perspective-1-2-lr-scaled.jpg\",\"image_loading\":true,\"image_svg_color\":\"emphasis\",\"image_width\":\"2560\",\"margin\":\"\"}}]}]}]},{\"type\":\"section\",\"props\":{\"image_position\":\"center-center\",\"style\":\"default\",\"title_breakpoint\":\"xl\",\"title_position\":\"top-left\",\"title_rotation\":\"left\",\"vertical_align\":\"middle\",\"width\":\"default\"},\"children\":[{\"type\":\"row\",\"children\":[{\"type\":\"column\",\"props\":{\"image_position\":\"center-center\",\"position_sticky_breakpoint\":\"m\"},\"children\":[{\"type\":\"headline\",\"props\":{\"content\":\"<strong>Poivre et Sel Prod<\\\/strong>\",\"title_element\":\"h1\"}},{\"type\":\"text\",\"props\":{\"column_breakpoint\":\"m\",\"content\":\"\n\n<h2>Soci\\u00e9t\\u00e9 de Cr\\u00e9ation et Production de Spectacles<\\\/h2>\\n\n\n<p><strong>Si\\u00e8ge social :<\\\/strong><br \\\/>Poivre et Sel Prod<br \\\/>14 Impasse de Flandres<br \\\/>76000 Rouen<br \\\/>France<\\\/p>\\n\n\n<p><strong>Coordonn\\u00e9es :<\\\/strong><br \\\/>T\\u00e9l\\u00e9phone : [Num\\u00e9ro de t\\u00e9l\\u00e9phone]<br \\\/>Email : [Adresse email]<br \\\/>Site internet : [URL du site]<\\\/p>\\n\n\n<p><strong>Directeur de la publication :<\\\/strong><br \\\/>[Nom du directeur de la publication]<\\\/p>\\n\n\n<p><strong>H\\u00e9bergement :<\\\/strong><br \\\/>Le site \\\"Poivre et Sel Prod\\\" est h\\u00e9berg\\u00e9 par :<br \\\/>OVH<br \\\/>2 rue Kellermann BP 80157<br \\\/>59053 Roubaix Cedex 1<br \\\/>France<br \\\/>T\\u00e9l\\u00e9phone : [Num\\u00e9ro de t\\u00e9l\\u00e9phone de l\\u2019h\\u00e9bergeur]<br \\\/>Site internet : [URL de l\\u2019h\\u00e9bergeur]<\\\/p>\\n\n\n<p><strong>D\\u00e9veloppement du site :<\\\/strong><br \\\/>Le site a \\u00e9t\\u00e9 con\\u00e7u et d\\u00e9velopp\\u00e9 par :<br \\\/>Komboo<br \\\/>[Adresse compl\\u00e8te du d\\u00e9veloppeur]<br \\\/>[Code Postal] [Ville]<br \\\/>[Pays]<br \\\/>T\\u00e9l\\u00e9phone : [Num\\u00e9ro de t\\u00e9l\\u00e9phone du d\\u00e9veloppeur]<br \\\/>Email : [Adresse email du d\\u00e9veloppeur]<br \\\/>Site internet : [URL du d\\u00e9veloppeur]<\\\/p>\\n\n\n<p><strong>Propri\\u00e9t\\u00e9 intellectuelle :<\\\/strong><br \\\/>L'ensemble des contenus pr\\u00e9sents sur le site <a target=\\\"_new\\\" rel=\\\"noreferrer\\\" href=\\\"http:\\\/\\\/www.poivreetselprod.com\\\/\\\">www.poivreetselprod.com<\\\/a>, incluant, de fa\\u00e7on non limitative, les graphismes, images, textes, vid\\u00e9os, animations, sons, logos, gifs et ic\\u00f4nes ainsi que leur mise en forme sont la propri\\u00e9t\\u00e9 exclusive de la soci\\u00e9t\\u00e9 Poivre et Sel Prod \\u00e0 l'exception des marques, logos ou contenus appartenant \\u00e0 d'autres soci\\u00e9t\\u00e9s partenaires ou auteurs.<\\\/p>\\n\n\n<p>Toute reproduction, distribution, modification, adaptation, retransmission ou publication, m\\u00eame partielle, de ces diff\\u00e9rents \\u00e9l\\u00e9ments est strictement interdite sans l'accord expr\\u00e8s par \\u00e9crit de Poivre et Sel Prod. Cette repr\\u00e9sentation ou reproduction, par quelque proc\\u00e9d\\u00e9 que ce soit, constitue une contrefa\\u00e7on sanctionn\\u00e9e par les articles L.335-2 et suivants du Code de la propri\\u00e9t\\u00e9 intellectuelle. Le non-respect de cette interdiction constitue une contrefa\\u00e7on pouvant engager la responsabilit\\u00e9 civile et p\\u00e9nale du contrefacteur.<\\\/p>\\n\n\n<p><strong>Donn\\u00e9es personnelles :<\\\/strong><br \\\/>Poivre et Sel Prod s'engage \\u00e0 ce que la collecte et le traitement de vos donn\\u00e9es, effectu\\u00e9s \\u00e0 partir du site <a target=\\\"_new\\\" rel=\\\"noreferrer\\\" href=\\\"http:\\\/\\\/www.poivreetselprod.com\\\/\\\">www.poivreetselprod.com<\\\/a>, soient conformes au R\\u00e8glement G\\u00e9n\\u00e9ral sur la Protection des Donn\\u00e9es (RGPD) et \\u00e0 la loi Informatique et Libert\\u00e9s.<\\\/p>\\n\n\n<p>Pour toute information ou exercice de vos droits Informatique et Libert\\u00e9s sur les traitements de donn\\u00e9es personnelles g\\u00e9r\\u00e9s par Poivre et Sel Prod, vous pouvez contacter son d\\u00e9l\\u00e9gu\\u00e9 \\u00e0 la protection des donn\\u00e9es (DPO) :<br \\\/>Email : [Adresse email DPO]<br \\\/>Adresse : [Adresse compl\\u00e8te DPO]<\\\/p>\\n\n\n<p><strong>Cookies :<\\\/strong><br \\\/>Le site <a target=\\\"_new\\\" rel=\\\"noreferrer\\\" href=\\\"http:\\\/\\\/www.poivreetselprod.com\\\/\\\">www.poivreetselprod.com<\\\/a> peut-\\u00eatre amen\\u00e9 \\u00e0 vous demander l\\u2019acceptation des cookies pour des besoins de statistiques et d\\u2019affichage. Un cookie est une information d\\u00e9pos\\u00e9e sur votre disque dur par le serveur du site que vous visitez. Il contient plusieurs donn\\u00e9es qui sont stock\\u00e9es sur votre ordinateur dans un simple fichier texte auquel un serveur acc\\u00e8de pour lire et enregistrer des informations.<\\\/p>\\n\n\n<p><strong>Liens hypertextes :<\\\/strong><br \\\/>Le site internet de Poivre et Sel Prod peut offrir des liens vers d\\u2019autres sites internet ou d\\u2019autres ressources disponibles sur Internet. Poivre et Sel Prod ne dispose d'aucun moyen pour contr\\u00f4ler les sites en connexion avec ses sites internet. Poivre et Sel Prod ne r\\u00e9pond pas de la disponibilit\\u00e9 de tels sites et sources externes, ni ne la garantit. Elle ne peut \\u00eatre tenue pour responsable de tout dommage, de quelque nature que ce soit, r\\u00e9sultant du contenu de ces sites ou sources externes, et notamment des informations, produits ou services qu\\u2019ils proposent, ou de tout usage qui peut \\u00eatre fait de ces \\u00e9l\\u00e9ments.<\\\/p>\\n\n\n<p><strong>Cr\\u00e9dits photos et illustrations :<\\\/strong><br \\\/>[Cr\\u00e9dits photos et illustrations]<br \\\/>Photographies : [Noms des photographes]<br \\\/>Illustrations : [Noms des illustrateurs]<\\\/p>\\n\n\n<p><strong>Modifications des mentions l\\u00e9gales :<\\\/strong><br \\\/>Poivre et Sel Prod se r\\u00e9serve le droit de modifier les pr\\u00e9sentes mentions \\u00e0 tout moment. L'utilisateur s'engage donc \\u00e0 les consulter r\\u00e9guli\\u00e8rement.<\\\/p>\\n\n\n<p><strong>Droit applicable :<\\\/strong><br \\\/>Le pr\\u00e9sent site est soumis au droit fran\\u00e7ais. En cas de litige, et \\u00e0 d\\u00e9faut de solution amiable, les tribunaux fran\\u00e7ais seront seuls comp\\u00e9tents pour conna\\u00eetre de ce litige.<\\\/p>\\n\n\n<hr \\\/>\\n\n\n<p>Pour plus d'informations, veuillez contacter Poivre et Sel Prod \\u00e0 l'adresse ci-dessus.<\\\/p>\",\"margin\":\"default\"}}]}]}]}],\"version\":\"4.3.13\"} --><\/p>\n","protected":false},"excerpt":{"rendered":"<p>Poivre et Sel Prod Soci\u00e9t\u00e9 de Cr\u00e9ation et Production de Spectacles Si\u00e8ge social :Poivre et Sel Prod14 Impasse de Flandres76000 RouenFrance Coordonn\u00e9es :T\u00e9l\u00e9phone : [Num\u00e9ro de t\u00e9l\u00e9phone]Email : [Adresse email]Site internet : [URL du site] Directeur de la publication :[Nom du directeur de la publication] H\u00e9bergement :Le site &#8220;Poivre et Sel Prod&#8221; est h\u00e9berg\u00e9 par [&hellip;]<\/p>\n","protected":false},"author":2,"featured_media":0,"parent":0,"menu_order":0,"comment_status":"closed","ping_status":"closed","template":"","meta":{"footnotes":""},"class_list":["post-197","page","type-page","status-publish","hentry"],"_links":{"self":[{"href":"https:\/\/poivreetselprod.com\/index.php\/wp-json\/wp\/v2\/pages\/197","targetHints":{"allow":["GET"]}}],"collection":[{"href":"https:\/\/poivreetselprod.com\/index.php\/wp-json\/wp\/v2\/pages"}],"about":[{"href":"https:\/\/poivreetselprod.com\/index.php\/wp-json\/wp\/v2\/types\/page"}],"author":[{"embeddable":true,"href":"https:\/\/poivreetselprod.com\/index.php\/wp-json\/wp\/v2\/users\/2"}],"replies":[{"embeddable":true,"href":"https:\/\/poivreetselprod.com\/index.php\/wp-json\/wp\/v2\/comments?post=197"}],"version-history":[{"count":2,"href":"https:\/\/poivreetselprod.com\/index.php\/wp-json\/wp\/v2\/pages\/197\/revisions"}],"predecessor-version":[{"id":199,"href":"https:\/\/poivreetselprod.com\/index.php\/wp-json\/wp\/v2\/pages\/197\/revisions\/199"}],"wp:attachment":[{"href":"https:\/\/poivreetselprod.com\/index.php\/wp-json\/wp\/v2\/media?parent=197"}],"curies":[{"name":"wp","href":"https:\/\/api.w.org\/{rel}","templated":true}]}}